{"id":716,"date":"2015-12-02T21:42:25","date_gmt":"2015-12-02T20:42:25","guid":{"rendered":"http:\/\/www.tb-vt.com\/tbvt\/?page_id=716"},"modified":"2015-12-02T21:59:57","modified_gmt":"2015-12-02T20:59:57","slug":"mehr-ueber-tb-vt","status":"publish","type":"page","link":"https:\/\/www.tb-vt.com\/tbvt\/?page_id=716","title":{"rendered":"MEIN NAME IST TOBIAS BERTOLD."},"content":{"rendered":"<section id=\"\" class=\"section  \" style=\"background:url(); background-repeat:no-repeat; background-color:#fbfbfb ; background-attachment:scroll\" ><div class=\"container  \"><div class=\" row \" style=\"margin-top:20px; margin-bottom:0px;\" ><div class=\" text-left col-md-4 col-md-offset-0 columns margin-top-0 margin-bottom-0 \"><div class=\" dropcap\"><span class=\" dropcap-box dropcap-letter h1\">A<\/span>ls Gesch\u00e4ftsf\u00fchrer der Firma TB-Veranstaltungstechnik m\u00f6chte ich unser Unternehmen und mich  kurz vorstellen. Bereits im Kindesalter faszinierte  mich alles elektronische was T\u00f6ne von sich gegeben und geleuchtet hat. Irgendwann kam die 1. Musikanlage ins Haus und wurde direkt bei Freunden auf der n\u00e4chsten Geburtstagsparty aufgebaut. Die Entwicklung ging immer weiter voran. Es wurden die 1. Lichteffekte angeschafft und nach einer Zeit kristallisierte sich heraus, dass daraus irgendwann eine Firma entstehen wird, da es mir gefiel mit meiner Technik andere Leute zu begeistern.<\/div><\/div><div class=\" text-left col-md-4 col-md-offset-0 columns margin-top-0 margin-bottom-0 \"><div class=\" dropcap\"><span class=\" dropcap-box dropcap-letter h1\">S<\/span>o kam es im Jahr 2010 in Markt Indersdorf zur Gr\u00fcndung des Unternehmens \u201eTB-Veranstaltungstechnik\u201c. Der Equipmentpark erweiterte sich bis heute stetig und mittlerweile kann eigentlich jede Art von Veranstaltung mit Technik ausgestattet werden. Ebenfalls entstand \u00fcber die Zeit ein Netz an freien und professionellen Mitarbeitern sowie Partnerfirmen auf die ich jederzeit zur\u00fcckgreifen kann und die mich bei der Planung oder der Durchf\u00fchrung des Events unterst\u00fctzen.<br \/>\n<\/div><\/div><div class=\" text-left col-md-4 col-md-offset-0 columns margin-top-0 margin-bottom-0 \"><img src=\"http:\/\/www.tb-vt.com\/tbvt\/wp-content\/uploads\/2015\/12\/profil_tobias.jpg\" class=\"\" \/><\/div><\/div><\/div><\/section>\n","protected":false},"excerpt":{"rendered":"","protected":false},"author":1,"featured_media":0,"parent":0,"menu_order":0,"comment_status":"closed","ping_status":"closed","template":"","meta":[],"_links":{"self":[{"href":"https:\/\/www.tb-vt.com\/tbvt\/index.php?rest_route=\/wp\/v2\/pages\/716"}],"collection":[{"href":"https:\/\/www.tb-vt.com\/tbvt\/index.php?rest_route=\/wp\/v2\/pages"}],"about":[{"href":"https:\/\/www.tb-vt.com\/tbvt\/index.php?rest_route=\/wp\/v2\/types\/page"}],"author":[{"embeddable":true,"href":"https:\/\/www.tb-vt.com\/tbvt\/index.php?rest_route=\/wp\/v2\/users\/1"}],"replies":[{"embeddable":true,"href":"https:\/\/www.tb-vt.com\/tbvt\/index.php?rest_route=%2Fwp%2Fv2%2Fcomments&post=716"}],"version-history":[{"count":17,"href":"https:\/\/www.tb-vt.com\/tbvt\/index.php?rest_route=\/wp\/v2\/pages\/716\/revisions"}],"predecessor-version":[{"id":735,"href":"https:\/\/www.tb-vt.com\/tbvt\/index.php?rest_route=\/wp\/v2\/pages\/716\/revisions\/735"}],"wp:attachment":[{"href":"https:\/\/www.tb-vt.com\/tbvt\/index.php?rest_route=%2Fwp%2Fv2%2Fmedia&parent=716"}],"curies":[{"name":"wp","href":"https:\/\/api.w.org\/{rel}","templated":true}]}}